{"id":3744,"date":"2023-09-27T04:27:30","date_gmt":"2023-09-27T04:27:30","guid":{"rendered":"https:\/\/imdaconsulting.com\/ec\/?page_id=3744"},"modified":"2023-10-05T04:28:32","modified_gmt":"2023-10-05T04:28:32","slug":"migracion-y-actualizacion","status":"publish","type":"page","link":"https:\/\/imdaconsulting.com\/ec\/migracion-y-actualizacion\/","title":{"rendered":"Migraci\u00f3n y Actualizaci\u00f3n"},"content":{"rendered":"\t\t<div data-elementor-type=\"wp-page\" data-elementor-id=\"3744\" class=\"elementor elementor-3744\" data-elementor-post-type=\"page\">\n\t\t\t\t<div class=\"elementor-element elementor-element-dfa79a5 e-flex e-con-boxed e-con e-parent\" data-id=\"dfa79a5\" data-element_type=\"container\" data-e-type=\"container\">\n\t\t\t\t\t<div class=\"e-con-inner\">\n\t\t<div class=\"elementor-element elementor-element-829fd07 e-flex e-con-boxed e-con e-child\" data-id=\"829fd07\" data-element_type=\"container\" data-e-type=\"container\">\n\t\t\t\t\t<div class=\"e-con-inner\">\n\t\t<div class=\"elementor-element elementor-element-cdcfb52 e-flex e-con-boxed e-con e-child\" data-id=\"cdcfb52\" data-element_type=\"container\" data-e-type=\"container\">\n\t\t\t\t\t<div class=\"e-con-inner\">\n\t\t\t\t\t<\/div>\n\t\t\t\t<\/div>\n\t\t\t\t\t<\/div>\n\t\t\t\t<\/div>\n\t\t\t\t\t<\/div>\n\t\t\t\t<\/div>\n\t\t<div class=\"elementor-element elementor-element-425f128 e-flex e-con-boxed e-con e-parent\" data-id=\"425f128\" data-element_type=\"container\" data-e-type=\"container\">\n\t\t\t\t\t<div class=\"e-con-inner\">\n\t\t<div class=\"elementor-element elementor-element-e67e2f2 e-con-full e-flex e-con e-child\" data-id=\"e67e2f2\" data-element_type=\"container\" data-e-type=\"container\">\n\t\t<div class=\"elementor-element elementor-element-ec4e8ef e-flex e-con-boxed e-con e-child\" data-id=\"ec4e8ef\" data-element_type=\"container\" data-e-type=\"container\">\n\t\t\t\t\t<div class=\"e-con-inner\">\n\t\t\t\t<div class=\"elementor-element elementor-element-11140e9 elementor-widget elementor-widget-image\" data-id=\"11140e9\" data-element_type=\"widget\" data-e-type=\"widget\" data-widget_type=\"image.default\">\n\t\t\t\t<div class=\"elementor-widget-container\">\n\t\t\t\t\t\t\t\t\t\t\t\t\t\t\t<img fetchpriority=\"high\" decoding=\"async\" width=\"1024\" height=\"1024\" src=\"https:\/\/imdaconsulting.com\/ec\/wp-content\/uploads\/2023\/09\/06e28d80-aced-4acf-b250-86eee260576d.jpg\" class=\"attachment-large size-large wp-image-3588\" alt=\"\" srcset=\"https:\/\/imdaconsulting.com\/ec\/wp-content\/uploads\/2023\/09\/06e28d80-aced-4acf-b250-86eee260576d.jpg 1024w, https:\/\/imdaconsulting.com\/ec\/wp-content\/uploads\/2023\/09\/06e28d80-aced-4acf-b250-86eee260576d-300x300.jpg 300w, https:\/\/imdaconsulting.com\/ec\/wp-content\/uploads\/2023\/09\/06e28d80-aced-4acf-b250-86eee260576d-150x150.jpg 150w, https:\/\/imdaconsulting.com\/ec\/wp-content\/uploads\/2023\/09\/06e28d80-aced-4acf-b250-86eee260576d-768x768.jpg 768w\" sizes=\"(max-width: 1024px) 100vw, 1024px\" \/>\t\t\t\t\t\t\t\t\t\t\t\t\t\t\t<\/div>\n\t\t\t\t<\/div>\n\t\t\t\t\t<\/div>\n\t\t\t\t<\/div>\n\t\t\t\t<\/div>\n\t\t<div class=\"elementor-element elementor-element-b61c0e2 e-con-full e-flex e-con e-child\" data-id=\"b61c0e2\" data-element_type=\"container\" data-e-type=\"container\">\n\t\t<div class=\"elementor-element elementor-element-f411bf4 e-flex e-con-boxed e-con e-child\" data-id=\"f411bf4\" data-element_type=\"container\" data-e-type=\"container\">\n\t\t\t\t\t<div class=\"e-con-inner\">\n\t\t\t\t<div class=\"elementor-element elementor-element-12b6d3c elementor-widget elementor-widget-heading\" data-id=\"12b6d3c\" data-element_type=\"widget\" data-e-type=\"widget\" data-widget_type=\"heading.default\">\n\t\t\t\t<div class=\"elementor-widget-container\">\n\t\t\t\t\t<h4 class=\"elementor-heading-title elementor-size-default\">Migraci\u00f3n y Actualizaci\u00f3n<\/h4>\t\t\t\t<\/div>\n\t\t\t\t<\/div>\n\t\t\t\t<div class=\"elementor-element elementor-element-551b398 elementor-widget elementor-widget-text-editor\" data-id=\"551b398\" data-element_type=\"widget\" data-e-type=\"widget\" data-widget_type=\"text-editor.default\">\n\t\t\t\t<div class=\"elementor-widget-container\">\n\t\t\t\t\t\t\t\t\t<p>La migraci\u00f3n y actualizaci\u00f3n en el contexto de Dynamics 365 ERP son procesos cruciales para mantener la plataforma en su m\u00e1xima eficiencia y alineada con las \u00faltimas tendencias tecnol\u00f3gicas. La migraci\u00f3n implica la transferencia de datos, configuraciones y funcionalidades desde una versi\u00f3n anterior de Dynamics 365 o incluso desde otro sistema ERP a la \u00faltima versi\u00f3n disponible. Este proceso garantiza que una empresa aproveche las \u00faltimas caracter\u00edsticas y mejoras de rendimiento, lo que puede resultar en una mayor productividad y ventaja competitiva. Por otro lado, la actualizaci\u00f3n consiste en llevar a cabo las revisiones peri\u00f3dicas de la plataforma, aplicando los parches de seguridad, correcciones de errores y nuevas funcionalidades que Microsoft u otros proveedores ofrecen. Esto asegura que el sistema est\u00e9 siempre actualizado y preparado para abordar los desaf\u00edos empresariales cambiantes, manteniendo la integridad de los datos y la continuidad de las operaciones sin interrupciones significativas. En conjunto, la migraci\u00f3n y actualizaci\u00f3n en Dynamics 365 ERP son esenciales para garantizar que una organizaci\u00f3n est\u00e9 en la vanguardia de la tecnolog\u00eda y la eficiencia empresarial.<\/p>\t\t\t\t\t\t\t\t<\/div>\n\t\t\t\t<\/div>\n\t\t\t\t\t<\/div>\n\t\t\t\t<\/div>\n\t\t\t\t<\/div>\n\t\t\t\t\t<\/div>\n\t\t\t\t<\/div>\n\t\t<div class=\"elementor-element elementor-element-5bdcda2 e-flex e-con-boxed e-con e-parent\" data-id=\"5bdcda2\" data-element_type=\"container\" data-e-type=\"container\">\n\t\t\t\t\t<div class=\"e-con-inner\">\n\t\t<div class=\"elementor-element elementor-element-60f373e e-con-full e-flex e-con e-child\" data-id=\"60f373e\" data-element_type=\"container\" data-e-type=\"container\">\n\t\t<div class=\"elementor-element elementor-element-5730e5b e-flex e-con-boxed e-con e-child\" data-id=\"5730e5b\" data-element_type=\"container\" data-e-type=\"container\">\n\t\t\t\t\t<div class=\"e-con-inner\">\n\t\t\t\t\t<\/div>\n\t\t\t\t<\/div>\n\t\t\t\t<\/div>\n\t\t<div class=\"elementor-element elementor-element-ce6307e e-con-full e-flex e-con e-child\" data-id=\"ce6307e\" data-element_type=\"container\" data-e-type=\"container\">\n\t\t<div class=\"elementor-element elementor-element-0a9f4a3 e-flex e-con-boxed e-con e-child\" data-id=\"0a9f4a3\" data-element_type=\"container\" data-e-type=\"container\">\n\t\t\t\t\t<div class=\"e-con-inner\">\n\t\t\t\t\t<\/div>\n\t\t\t\t<\/div>\n\t\t\t\t<\/div>\n\t\t\t\t\t<\/div>\n\t\t\t\t<\/div>\n\t\t\t\t<\/div>\n\t\t","protected":false},"excerpt":{"rendered":"<p>Migraci\u00f3n y Actualizaci\u00f3n La migraci\u00f3n y actualizaci\u00f3n en el contexto de Dynamics 365 ERP son procesos cruciales para mantener la plataforma en su m\u00e1xima eficiencia y alineada con las \u00faltimas tendencias tecnol\u00f3gicas. La migraci\u00f3n implica la transferencia de datos, configuraciones y funcionalidades desde una versi\u00f3n anterior de Dynamics 365 o incluso desde otro sistema ERP [&hellip;]<\/p>\n","protected":false},"author":2,"featured_media":0,"parent":0,"menu_order":0,"comment_status":"closed","ping_status":"closed","template":"","meta":{"_uag_custom_page_level_css":"","site-sidebar-layout":"no-sidebar","site-content-layout":"page-builder","ast-site-content-layout":"full-width-container","site-content-style":"default","site-sidebar-style":"default","ast-global-header-display":"","ast-banner-title-visibility":"","ast-main-header-display":"","ast-hfb-above-header-display":"","ast-hfb-below-header-display":"","ast-hfb-mobile-header-display":"","site-post-title":"disabled","ast-breadcrumbs-content":"","ast-featured-img":"disabled","footer-sml-layout":"","ast-disable-related-posts":"","theme-transparent-header-meta":"","adv-header-id-meta":"","stick-header-meta":"","header-above-stick-meta":"","header-main-stick-meta":"","header-below-stick-meta":"","astra-migrate-meta-layouts":"set","ast-page-background-enabled":"default","ast-page-background-meta":{"desktop":{"background-color":"","background-image":"","background-repeat":"repeat","background-position":"center center","background-size":"auto","background-attachment":"scroll","background-type":"","background-media":"","overlay-type":"","overlay-color":"","overlay-opacity":"","overlay-gradient":""},"tablet":{"background-color":"","background-image":"","background-repeat":"repeat","background-position":"center center","background-size":"auto","background-attachment":"scroll","background-type":"","background-media":"","overlay-type":"","overlay-color":"","overlay-opacity":"","overlay-gradient":""},"mobile":{"background-color":"","background-image":"","background-repeat":"repeat","background-position":"center center","background-size":"auto","background-attachment":"scroll","background-type":"","background-media":"","overlay-type":"","overlay-color":"","overlay-opacity":"","overlay-gradient":""}},"ast-content-background-meta":{"desktop":{"background-color":"var(--ast-global-color-5)","background-image":"","background-repeat":"repeat","background-position":"center center","background-size":"auto","background-attachment":"scroll","background-type":"","background-media":"","overlay-type":"","overlay-color":"","overlay-opacity":"","overlay-gradient":""},"tablet":{"background-color":"var(--ast-global-color-5)","background-image":"","background-repeat":"repeat","background-position":"center center","background-size":"auto","background-attachment":"scroll","background-type":"","background-media":"","overlay-type":"","overlay-color":"","overlay-opacity":"","overlay-gradient":""},"mobile":{"background-color":"var(--ast-global-color-5)","background-image":"","background-repeat":"repeat","background-position":"center center","background-size":"auto","background-attachment":"scroll","background-type":"","background-media":"","overlay-type":"","overlay-color":"","overlay-opacity":"","overlay-gradient":""}},"footnotes":""},"class_list":["post-3744","page","type-page","status-publish","hentry"],"uagb_featured_image_src":{"full":false,"thumbnail":false,"medium":false,"medium_large":false,"large":false,"1536x1536":false,"2048x2048":false},"uagb_author_info":{"display_name":"Erick Lindao","author_link":"https:\/\/imdaconsulting.com\/ec\/author\/elindao\/"},"uagb_comment_info":0,"uagb_excerpt":"Migraci\u00f3n y Actualizaci\u00f3n La migraci\u00f3n y actualizaci\u00f3n en el contexto de Dynamics 365 ERP son procesos cruciales para mantener la plataforma en su m\u00e1xima eficiencia y alineada con las \u00faltimas tendencias tecnol\u00f3gicas. La migraci\u00f3n implica la transferencia de datos, configuraciones y funcionalidades desde una versi\u00f3n anterior de Dynamics 365 o incluso desde otro sistema ERP&hellip;","_links":{"self":[{"href":"https:\/\/imdaconsulting.com\/ec\/wp-json\/wp\/v2\/pages\/3744","targetHints":{"allow":["GET"]}}],"collection":[{"href":"https:\/\/imdaconsulting.com\/ec\/wp-json\/wp\/v2\/pages"}],"about":[{"href":"https:\/\/imdaconsulting.com\/ec\/wp-json\/wp\/v2\/types\/page"}],"author":[{"embeddable":true,"href":"https:\/\/imdaconsulting.com\/ec\/wp-json\/wp\/v2\/users\/2"}],"replies":[{"embeddable":true,"href":"https:\/\/imdaconsulting.com\/ec\/wp-json\/wp\/v2\/comments?post=3744"}],"version-history":[{"count":7,"href":"https:\/\/imdaconsulting.com\/ec\/wp-json\/wp\/v2\/pages\/3744\/revisions"}],"predecessor-version":[{"id":3783,"href":"https:\/\/imdaconsulting.com\/ec\/wp-json\/wp\/v2\/pages\/3744\/revisions\/3783"}],"wp:attachment":[{"href":"https:\/\/imdaconsulting.com\/ec\/wp-json\/wp\/v2\/media?parent=3744"}],"curies":[{"name":"wp","href":"https:\/\/api.w.org\/{rel}","templated":true}]}}