{"id":3742,"date":"2023-09-27T04:26:52","date_gmt":"2023-09-27T04:26:52","guid":{"rendered":"https:\/\/imdaconsulting.com\/ec\/?page_id=3742"},"modified":"2023-10-05T04:26:01","modified_gmt":"2023-10-05T04:26:01","slug":"optimizacion-y-personalizacion","status":"publish","type":"page","link":"https:\/\/imdaconsulting.com\/ec\/optimizacion-y-personalizacion\/","title":{"rendered":"Optimizaci\u00f3n y Personalizaci\u00f3n"},"content":{"rendered":"\t\t<div data-elementor-type=\"wp-page\" data-elementor-id=\"3742\" class=\"elementor elementor-3742\" data-elementor-post-type=\"page\">\n\t\t\t\t<div class=\"elementor-element elementor-element-729485e e-flex e-con-boxed e-con e-parent\" data-id=\"729485e\" data-element_type=\"container\" data-e-type=\"container\">\n\t\t\t\t\t<div class=\"e-con-inner\">\n\t\t<div class=\"elementor-element elementor-element-57cdf09 e-flex e-con-boxed e-con e-child\" data-id=\"57cdf09\" data-element_type=\"container\" data-e-type=\"container\">\n\t\t\t\t\t<div class=\"e-con-inner\">\n\t\t<div class=\"elementor-element elementor-element-4950dcd e-flex e-con-boxed e-con e-child\" data-id=\"4950dcd\" data-element_type=\"container\" data-e-type=\"container\">\n\t\t\t\t\t<div class=\"e-con-inner\">\n\t\t\t\t\t<\/div>\n\t\t\t\t<\/div>\n\t\t\t\t\t<\/div>\n\t\t\t\t<\/div>\n\t\t\t\t\t<\/div>\n\t\t\t\t<\/div>\n\t\t<div class=\"elementor-element elementor-element-a48f981 e-flex e-con-boxed e-con e-parent\" data-id=\"a48f981\" data-element_type=\"container\" data-e-type=\"container\">\n\t\t\t\t\t<div class=\"e-con-inner\">\n\t\t<div class=\"elementor-element elementor-element-a29d482 e-con-full e-flex e-con e-child\" data-id=\"a29d482\" data-element_type=\"container\" data-e-type=\"container\">\n\t\t<div class=\"elementor-element elementor-element-33e15b4 e-flex e-con-boxed e-con e-child\" data-id=\"33e15b4\" data-element_type=\"container\" data-e-type=\"container\">\n\t\t\t\t\t<div class=\"e-con-inner\">\n\t\t\t\t<div class=\"elementor-element elementor-element-ab458e2 elementor-widget elementor-widget-image\" data-id=\"ab458e2\" data-element_type=\"widget\" data-e-type=\"widget\" data-widget_type=\"image.default\">\n\t\t\t\t<div class=\"elementor-widget-container\">\n\t\t\t\t\t\t\t\t\t\t\t\t\t\t\t<img fetchpriority=\"high\" decoding=\"async\" width=\"700\" height=\"500\" src=\"https:\/\/imdaconsulting.com\/ec\/wp-content\/uploads\/2023\/09\/drain-cleaning.jpg\" class=\"attachment-large size-large wp-image-3675\" alt=\"\" srcset=\"https:\/\/imdaconsulting.com\/ec\/wp-content\/uploads\/2023\/09\/drain-cleaning.jpg 700w, https:\/\/imdaconsulting.com\/ec\/wp-content\/uploads\/2023\/09\/drain-cleaning-300x214.jpg 300w\" sizes=\"(max-width: 700px) 100vw, 700px\" \/>\t\t\t\t\t\t\t\t\t\t\t\t\t\t\t<\/div>\n\t\t\t\t<\/div>\n\t\t\t\t\t<\/div>\n\t\t\t\t<\/div>\n\t\t\t\t<\/div>\n\t\t<div class=\"elementor-element elementor-element-4f018c9 e-con-full e-flex e-con e-child\" data-id=\"4f018c9\" data-element_type=\"container\" data-e-type=\"container\">\n\t\t<div class=\"elementor-element elementor-element-27b6bc1 e-flex e-con-boxed e-con e-child\" data-id=\"27b6bc1\" data-element_type=\"container\" data-e-type=\"container\">\n\t\t\t\t\t<div class=\"e-con-inner\">\n\t\t\t\t<div class=\"elementor-element elementor-element-55cea4d elementor-widget elementor-widget-heading\" data-id=\"55cea4d\" data-element_type=\"widget\" data-e-type=\"widget\" data-widget_type=\"heading.default\">\n\t\t\t\t<div class=\"elementor-widget-container\">\n\t\t\t\t\t<h4 class=\"elementor-heading-title elementor-size-default\">Optimizaci\u00f3n y Personalizaci\u00f3n<\/h4>\t\t\t\t<\/div>\n\t\t\t\t<\/div>\n\t\t\t\t<div class=\"elementor-element elementor-element-315fd5f elementor-widget elementor-widget-text-editor\" data-id=\"315fd5f\" data-element_type=\"widget\" data-e-type=\"widget\" data-widget_type=\"text-editor.default\">\n\t\t\t\t<div class=\"elementor-widget-container\">\n\t\t\t\t\t\t\t\t\t<p>La optimizaci\u00f3n y personalizaci\u00f3n en Dynamics 365 ERP representan dos pilares fundamentales para las empresas que buscan maximizar su eficiencia operativa y adaptar sus procesos comerciales a sus necesidades espec\u00edficas. La optimizaci\u00f3n implica la revisi\u00f3n y mejora constante de los flujos de trabajo y la automatizaci\u00f3n de tareas, lo que permite una gesti\u00f3n m\u00e1s \u00e1gil de recursos, tiempos y costos. Por otro lado, la personalizaci\u00f3n se refiere a la capacidad de adaptar la plataforma Dynamics 365 ERP a las particularidades de cada organizaci\u00f3n, mediante la configuraci\u00f3n de m\u00f3dulos, informes y paneles de control a medida. Esta flexibilidad garantiza que las empresas puedan alinear el sistema con sus objetivos estrat\u00e9gicos y procesos \u00fanicos, brindando as\u00ed una soluci\u00f3n integral y altamente efectiva para la gesti\u00f3n empresarial.<\/p>\t\t\t\t\t\t\t\t<\/div>\n\t\t\t\t<\/div>\n\t\t\t\t\t<\/div>\n\t\t\t\t<\/div>\n\t\t\t\t<\/div>\n\t\t\t\t\t<\/div>\n\t\t\t\t<\/div>\n\t\t\t\t<\/div>\n\t\t","protected":false},"excerpt":{"rendered":"<p>Optimizaci\u00f3n y Personalizaci\u00f3n La optimizaci\u00f3n y personalizaci\u00f3n en Dynamics 365 ERP representan dos pilares fundamentales para las empresas que buscan maximizar su eficiencia operativa y adaptar sus procesos comerciales a sus necesidades espec\u00edficas. La optimizaci\u00f3n implica la revisi\u00f3n y mejora constante de los flujos de trabajo y la automatizaci\u00f3n de tareas, lo que permite una [&hellip;]<\/p>\n","protected":false},"author":2,"featured_media":0,"parent":0,"menu_order":0,"comment_status":"closed","ping_status":"closed","template":"","meta":{"_uag_custom_page_level_css":"","site-sidebar-layout":"no-sidebar","site-content-layout":"page-builder","ast-site-content-layout":"full-width-container","site-content-style":"default","site-sidebar-style":"default","ast-global-header-display":"","ast-banner-title-visibility":"","ast-main-header-display":"","ast-hfb-above-header-display":"","ast-hfb-below-header-display":"","ast-hfb-mobile-header-display":"","site-post-title":"disabled","ast-breadcrumbs-content":"","ast-featured-img":"disabled","footer-sml-layout":"","ast-disable-related-posts":"","theme-transparent-header-meta":"","adv-header-id-meta":"","stick-header-meta":"","header-above-stick-meta":"","header-main-stick-meta":"","header-below-stick-meta":"","astra-migrate-meta-layouts":"set","ast-page-background-enabled":"default","ast-page-background-meta":{"desktop":{"background-color":"","background-image":"","background-repeat":"repeat","background-position":"center center","background-size":"auto","background-attachment":"scroll","background-type":"","background-media":"","overlay-type":"","overlay-color":"","overlay-opacity":"","overlay-gradient":""},"tablet":{"background-color":"","background-image":"","background-repeat":"repeat","background-position":"center center","background-size":"auto","background-attachment":"scroll","background-type":"","background-media":"","overlay-type":"","overlay-color":"","overlay-opacity":"","overlay-gradient":""},"mobile":{"background-color":"","background-image":"","background-repeat":"repeat","background-position":"center center","background-size":"auto","background-attachment":"scroll","background-type":"","background-media":"","overlay-type":"","overlay-color":"","overlay-opacity":"","overlay-gradient":""}},"ast-content-background-meta":{"desktop":{"background-color":"var(--ast-global-color-5)","background-image":"","background-repeat":"repeat","background-position":"center center","background-size":"auto","background-attachment":"scroll","background-type":"","background-media":"","overlay-type":"","overlay-color":"","overlay-opacity":"","overlay-gradient":""},"tablet":{"background-color":"var(--ast-global-color-5)","background-image":"","background-repeat":"repeat","background-position":"center center","background-size":"auto","background-attachment":"scroll","background-type":"","background-media":"","overlay-type":"","overlay-color":"","overlay-opacity":"","overlay-gradient":""},"mobile":{"background-color":"var(--ast-global-color-5)","background-image":"","background-repeat":"repeat","background-position":"center center","background-size":"auto","background-attachment":"scroll","background-type":"","background-media":"","overlay-type":"","overlay-color":"","overlay-opacity":"","overlay-gradient":""}},"footnotes":""},"class_list":["post-3742","page","type-page","status-publish","hentry"],"uagb_featured_image_src":{"full":false,"thumbnail":false,"medium":false,"medium_large":false,"large":false,"1536x1536":false,"2048x2048":false},"uagb_author_info":{"display_name":"Erick Lindao","author_link":"https:\/\/imdaconsulting.com\/ec\/author\/elindao\/"},"uagb_comment_info":0,"uagb_excerpt":"Optimizaci\u00f3n y Personalizaci\u00f3n La optimizaci\u00f3n y personalizaci\u00f3n en Dynamics 365 ERP representan dos pilares fundamentales para las empresas que buscan maximizar su eficiencia operativa y adaptar sus procesos comerciales a sus necesidades espec\u00edficas. La optimizaci\u00f3n implica la revisi\u00f3n y mejora constante de los flujos de trabajo y la automatizaci\u00f3n de tareas, lo que permite una&hellip;","_links":{"self":[{"href":"https:\/\/imdaconsulting.com\/ec\/wp-json\/wp\/v2\/pages\/3742","targetHints":{"allow":["GET"]}}],"collection":[{"href":"https:\/\/imdaconsulting.com\/ec\/wp-json\/wp\/v2\/pages"}],"about":[{"href":"https:\/\/imdaconsulting.com\/ec\/wp-json\/wp\/v2\/types\/page"}],"author":[{"embeddable":true,"href":"https:\/\/imdaconsulting.com\/ec\/wp-json\/wp\/v2\/users\/2"}],"replies":[{"embeddable":true,"href":"https:\/\/imdaconsulting.com\/ec\/wp-json\/wp\/v2\/comments?post=3742"}],"version-history":[{"count":10,"href":"https:\/\/imdaconsulting.com\/ec\/wp-json\/wp\/v2\/pages\/3742\/revisions"}],"predecessor-version":[{"id":3780,"href":"https:\/\/imdaconsulting.com\/ec\/wp-json\/wp\/v2\/pages\/3742\/revisions\/3780"}],"wp:attachment":[{"href":"https:\/\/imdaconsulting.com\/ec\/wp-json\/wp\/v2\/media?parent=3742"}],"curies":[{"name":"wp","href":"https:\/\/api.w.org\/{rel}","templated":true}]}}