{"id":3740,"date":"2023-09-27T04:26:00","date_gmt":"2023-09-27T04:26:00","guid":{"rendered":"https:\/\/imdaconsulting.com\/ec\/?page_id=3740"},"modified":"2023-10-05T04:16:27","modified_gmt":"2023-10-05T04:16:27","slug":"implementacion-de-dynamics-365-erp","status":"publish","type":"page","link":"https:\/\/imdaconsulting.com\/ec\/implementacion-de-dynamics-365-erp\/","title":{"rendered":"Implementaci\u00f3n de Dynamics 365 ERP"},"content":{"rendered":"\t\t<div data-elementor-type=\"wp-page\" data-elementor-id=\"3740\" class=\"elementor elementor-3740\" data-elementor-post-type=\"page\">\n\t\t\t\t<div class=\"elementor-element elementor-element-8c96be8 e-flex e-con-boxed e-con e-parent\" data-id=\"8c96be8\" data-element_type=\"container\" data-e-type=\"container\">\n\t\t\t\t\t<div class=\"e-con-inner\">\n\t\t<div class=\"elementor-element elementor-element-ca3ae48 e-flex e-con-boxed e-con e-child\" data-id=\"ca3ae48\" data-element_type=\"container\" data-e-type=\"container\">\n\t\t\t\t\t<div class=\"e-con-inner\">\n\t\t<div class=\"elementor-element elementor-element-8cbf008 e-flex e-con-boxed e-con e-child\" data-id=\"8cbf008\" data-element_type=\"container\" data-e-type=\"container\">\n\t\t\t\t\t<div class=\"e-con-inner\">\n\t\t<div class=\"elementor-element elementor-element-858a158 e-flex e-con-boxed e-con e-child\" data-id=\"858a158\" data-element_type=\"container\" data-e-type=\"container\">\n\t\t\t\t\t<div class=\"e-con-inner\">\n\t\t\t\t\t<\/div>\n\t\t\t\t<\/div>\n\t\t\t\t\t<\/div>\n\t\t\t\t<\/div>\n\t\t\t\t\t<\/div>\n\t\t\t\t<\/div>\n\t\t\t\t\t<\/div>\n\t\t\t\t<\/div>\n\t\t<div class=\"elementor-element elementor-element-3d6ef90 e-flex e-con-boxed e-con e-parent\" data-id=\"3d6ef90\" data-element_type=\"container\" data-e-type=\"container\">\n\t\t\t\t\t<div class=\"e-con-inner\">\n\t\t<div class=\"elementor-element elementor-element-d6d29ed e-con-full e-flex e-con e-child\" data-id=\"d6d29ed\" data-element_type=\"container\" data-e-type=\"container\">\n\t\t\t\t<div class=\"elementor-element elementor-element-5868ad8 elementor-widget elementor-widget-image\" data-id=\"5868ad8\" data-element_type=\"widget\" data-e-type=\"widget\" data-widget_type=\"image.default\">\n\t\t\t\t<div class=\"elementor-widget-container\">\n\t\t\t\t\t\t\t\t\t\t\t\t\t\t\t<img fetchpriority=\"high\" decoding=\"async\" width=\"1024\" height=\"1024\" src=\"https:\/\/imdaconsulting.com\/ec\/wp-content\/uploads\/2023\/09\/06e28d80-aced-4acf-b250-86eee260576d.jpg\" class=\"attachment-large size-large wp-image-3588\" alt=\"\" srcset=\"https:\/\/imdaconsulting.com\/ec\/wp-content\/uploads\/2023\/09\/06e28d80-aced-4acf-b250-86eee260576d.jpg 1024w, https:\/\/imdaconsulting.com\/ec\/wp-content\/uploads\/2023\/09\/06e28d80-aced-4acf-b250-86eee260576d-300x300.jpg 300w, https:\/\/imdaconsulting.com\/ec\/wp-content\/uploads\/2023\/09\/06e28d80-aced-4acf-b250-86eee260576d-150x150.jpg 150w, https:\/\/imdaconsulting.com\/ec\/wp-content\/uploads\/2023\/09\/06e28d80-aced-4acf-b250-86eee260576d-768x768.jpg 768w\" sizes=\"(max-width: 1024px) 100vw, 1024px\" \/>\t\t\t\t\t\t\t\t\t\t\t\t\t\t\t<\/div>\n\t\t\t\t<\/div>\n\t\t\t\t<\/div>\n\t\t<div class=\"elementor-element elementor-element-c3a1825 e-con-full e-flex e-con e-child\" data-id=\"c3a1825\" data-element_type=\"container\" data-e-type=\"container\">\n\t\t<div class=\"elementor-element elementor-element-21a760a e-flex e-con-boxed e-con e-child\" data-id=\"21a760a\" data-element_type=\"container\" data-e-type=\"container\">\n\t\t\t\t\t<div class=\"e-con-inner\">\n\t\t\t\t<div class=\"elementor-element elementor-element-44edf6d elementor-widget elementor-widget-heading\" data-id=\"44edf6d\" data-element_type=\"widget\" data-e-type=\"widget\" data-widget_type=\"heading.default\">\n\t\t\t\t<div class=\"elementor-widget-container\">\n\t\t\t\t\t<h4 class=\"elementor-heading-title elementor-size-default\">Implementaci\u00f3n de Dynamics 365 ERP<\/h4>\t\t\t\t<\/div>\n\t\t\t\t<\/div>\n\t\t\t\t<div class=\"elementor-element elementor-element-f73794d elementor-widget elementor-widget-text-editor\" data-id=\"f73794d\" data-element_type=\"widget\" data-e-type=\"widget\" data-widget_type=\"text-editor.default\">\n\t\t\t\t<div class=\"elementor-widget-container\">\n\t\t\t\t\t\t\t\t\t<p>La implementaci\u00f3n de Dynamics 365 ERP es un proceso de vital importancia para cualquier organizaci\u00f3n que busque optimizar sus operaciones comerciales y mejorar su capacidad de toma de decisiones. Esta plataforma integral de gesti\u00f3n empresarial permite a las empresas consolidar sus datos y procesos en una \u00fanica soluci\u00f3n, lo que simplifica la gesti\u00f3n y el flujo de informaci\u00f3n en toda la organizaci\u00f3n. Al implementar Dynamics 365 ERP de manera efectiva, las empresas pueden mejorar la eficiencia operativa, reducir costos, y aumentar la productividad al automatizar tareas repetitivas y proporcionar una visi\u00f3n en tiempo real de sus operaciones. Adem\u00e1s, esta implementaci\u00f3n puede adaptarse a las necesidades espec\u00edficas de cada empresa, lo que la convierte en una herramienta altamente personalizable que puede crecer y evolucionar junto con la organizaci\u00f3n. En \u00faltima instancia, la implementaci\u00f3n de Dynamics 365 ERP se traduce en una mayor agilidad empresarial, una mejor toma de decisiones y una ventaja competitiva en un mercado en constante cambio.<\/p><p>\u00a1No dude en implementar Dynamics 365 ERP para mejorar la eficiencia de su empresa hoy mismo!<\/p>\t\t\t\t\t\t\t\t<\/div>\n\t\t\t\t<\/div>\n\t\t\t\t\t<\/div>\n\t\t\t\t<\/div>\n\t\t\t\t<\/div>\n\t\t\t\t\t<\/div>\n\t\t\t\t<\/div>\n\t\t\t\t<\/div>\n\t\t","protected":false},"excerpt":{"rendered":"<p>Implementaci\u00f3n de Dynamics 365 ERP La implementaci\u00f3n de Dynamics 365 ERP es un proceso de vital importancia para cualquier organizaci\u00f3n que busque optimizar sus operaciones comerciales y mejorar su capacidad de toma de decisiones. Esta plataforma integral de gesti\u00f3n empresarial permite a las empresas consolidar sus datos y procesos en una \u00fanica soluci\u00f3n, lo que [&hellip;]<\/p>\n","protected":false},"author":2,"featured_media":0,"parent":0,"menu_order":0,"comment_status":"closed","ping_status":"closed","template":"","meta":{"_uag_custom_page_level_css":"","site-sidebar-layout":"no-sidebar","site-content-layout":"page-builder","ast-site-content-layout":"full-width-container","site-content-style":"default","site-sidebar-style":"default","ast-global-header-display":"","ast-banner-title-visibility":"","ast-main-header-display":"","ast-hfb-above-header-display":"","ast-hfb-below-header-display":"","ast-hfb-mobile-header-display":"","site-post-title":"disabled","ast-breadcrumbs-content":"","ast-featured-img":"disabled","footer-sml-layout":"","ast-disable-related-posts":"","theme-transparent-header-meta":"","adv-header-id-meta":"","stick-header-meta":"","header-above-stick-meta":"","header-main-stick-meta":"","header-below-stick-meta":"","astra-migrate-meta-layouts":"set","ast-page-background-enabled":"default","ast-page-background-meta":{"desktop":{"background-color":"","background-image":"","background-repeat":"repeat","background-position":"center center","background-size":"auto","background-attachment":"scroll","background-type":"","background-media":"","overlay-type":"","overlay-color":"","overlay-opacity":"","overlay-gradient":""},"tablet":{"background-color":"","background-image":"","background-repeat":"repeat","background-position":"center center","background-size":"auto","background-attachment":"scroll","background-type":"","background-media":"","overlay-type":"","overlay-color":"","overlay-opacity":"","overlay-gradient":""},"mobile":{"background-color":"","background-image":"","background-repeat":"repeat","background-position":"center center","background-size":"auto","background-attachment":"scroll","background-type":"","background-media":"","overlay-type":"","overlay-color":"","overlay-opacity":"","overlay-gradient":""}},"ast-content-background-meta":{"desktop":{"background-color":"var(--ast-global-color-5)","background-image":"","background-repeat":"repeat","background-position":"center center","background-size":"auto","background-attachment":"scroll","background-type":"","background-media":"","overlay-type":"","overlay-color":"","overlay-opacity":"","overlay-gradient":""},"tablet":{"background-color":"var(--ast-global-color-5)","background-image":"","background-repeat":"repeat","background-position":"center center","background-size":"auto","background-attachment":"scroll","background-type":"","background-media":"","overlay-type":"","overlay-color":"","overlay-opacity":"","overlay-gradient":""},"mobile":{"background-color":"var(--ast-global-color-5)","background-image":"","background-repeat":"repeat","background-position":"center center","background-size":"auto","background-attachment":"scroll","background-type":"","background-media":"","overlay-type":"","overlay-color":"","overlay-opacity":"","overlay-gradient":""}},"footnotes":""},"class_list":["post-3740","page","type-page","status-publish","hentry"],"uagb_featured_image_src":{"full":false,"thumbnail":false,"medium":false,"medium_large":false,"large":false,"1536x1536":false,"2048x2048":false},"uagb_author_info":{"display_name":"Erick Lindao","author_link":"https:\/\/imdaconsulting.com\/ec\/author\/elindao\/"},"uagb_comment_info":0,"uagb_excerpt":"Implementaci\u00f3n de Dynamics 365 ERP La implementaci\u00f3n de Dynamics 365 ERP es un proceso de vital importancia para cualquier organizaci\u00f3n que busque optimizar sus operaciones comerciales y mejorar su capacidad de toma de decisiones. Esta plataforma integral de gesti\u00f3n empresarial permite a las empresas consolidar sus datos y procesos en una \u00fanica soluci\u00f3n, lo que&hellip;","_links":{"self":[{"href":"https:\/\/imdaconsulting.com\/ec\/wp-json\/wp\/v2\/pages\/3740","targetHints":{"allow":["GET"]}}],"collection":[{"href":"https:\/\/imdaconsulting.com\/ec\/wp-json\/wp\/v2\/pages"}],"about":[{"href":"https:\/\/imdaconsulting.com\/ec\/wp-json\/wp\/v2\/types\/page"}],"author":[{"embeddable":true,"href":"https:\/\/imdaconsulting.com\/ec\/wp-json\/wp\/v2\/users\/2"}],"replies":[{"embeddable":true,"href":"https:\/\/imdaconsulting.com\/ec\/wp-json\/wp\/v2\/comments?post=3740"}],"version-history":[{"count":10,"href":"https:\/\/imdaconsulting.com\/ec\/wp-json\/wp\/v2\/pages\/3740\/revisions"}],"predecessor-version":[{"id":3774,"href":"https:\/\/imdaconsulting.com\/ec\/wp-json\/wp\/v2\/pages\/3740\/revisions\/3774"}],"wp:attachment":[{"href":"https:\/\/imdaconsulting.com\/ec\/wp-json\/wp\/v2\/media?parent=3740"}],"curies":[{"name":"wp","href":"https:\/\/api.w.org\/{rel}","templated":true}]}}