{"id":3695,"date":"2023-09-25T04:27:42","date_gmt":"2023-09-25T04:27:42","guid":{"rendered":"https:\/\/imdaconsulting.com\/ec\/?page_id=3695"},"modified":"2023-10-11T03:32:59","modified_gmt":"2023-10-11T03:32:59","slug":"servicios","status":"publish","type":"page","link":"https:\/\/imdaconsulting.com\/ec\/servicios\/","title":{"rendered":"Servicios"},"content":{"rendered":"\t\t<div data-elementor-type=\"wp-page\" data-elementor-id=\"3695\" class=\"elementor elementor-3695\" data-elementor-post-type=\"page\">\n\t\t\t\t<div class=\"elementor-element elementor-element-da776ad e-flex e-con-boxed e-con e-parent\" data-id=\"da776ad\" data-element_type=\"container\" data-e-type=\"container\">\n\t\t\t\t\t<div class=\"e-con-inner\">\n\t\t<div class=\"elementor-element elementor-element-138c5c8 e-flex e-con-boxed e-con e-child\" data-id=\"138c5c8\" data-element_type=\"container\" data-e-type=\"container\">\n\t\t\t\t\t<div class=\"e-con-inner\">\n\t\t<div class=\"elementor-element elementor-element-1261906 e-flex e-con-boxed e-con e-child\" data-id=\"1261906\" data-element_type=\"container\" data-e-type=\"container\">\n\t\t\t\t\t<div class=\"e-con-inner\">\n\t\t<div class=\"elementor-element elementor-element-f66e622 e-flex e-con-boxed e-con e-child\" data-id=\"f66e622\" data-element_type=\"container\" data-e-type=\"container\">\n\t\t\t\t\t<div class=\"e-con-inner\">\n\t\t\t\t\t<\/div>\n\t\t\t\t<\/div>\n\t\t\t\t\t<\/div>\n\t\t\t\t<\/div>\n\t\t\t\t\t<\/div>\n\t\t\t\t<\/div>\n\t\t\t\t\t<\/div>\n\t\t\t\t<\/div>\n\t\t<div class=\"elementor-element elementor-element-2e5c8c4 e-flex e-con-boxed e-con e-parent\" data-id=\"2e5c8c4\" data-element_type=\"container\" data-e-type=\"container\">\n\t\t\t\t\t<div class=\"e-con-inner\">\n\t\t<div class=\"elementor-element elementor-element-8c4ce24 e-con-full e-flex e-con e-child\" data-id=\"8c4ce24\" data-element_type=\"container\" data-e-type=\"container\">\n\t\t<div class=\"elementor-element elementor-element-59763e1 e-flex e-con-boxed e-con e-child\" data-id=\"59763e1\" data-element_type=\"container\" data-e-type=\"container\">\n\t\t\t\t\t<div class=\"e-con-inner\">\n\t\t\t\t<div class=\"elementor-element elementor-element-7616ac2 elementor-absolute elementor-widget elementor-widget-video\" data-id=\"7616ac2\" data-element_type=\"widget\" data-e-type=\"widget\" data-settings=\"{&quot;youtube_url&quot;:&quot;https:\\\/\\\/youtu.be\\\/BsI6S1etGcQ&quot;,&quot;autoplay&quot;:&quot;yes&quot;,&quot;_position&quot;:&quot;absolute&quot;,&quot;video_type&quot;:&quot;youtube&quot;,&quot;controls&quot;:&quot;yes&quot;}\" data-widget_type=\"video.default\">\n\t\t\t\t<div class=\"elementor-widget-container\">\n\t\t\t\t\t\t\t<div class=\"elementor-wrapper elementor-open-inline\">\n\t\t\t<div class=\"elementor-video\"><\/div>\t\t<\/div>\n\t\t\t\t\t\t<\/div>\n\t\t\t\t<\/div>\n\t\t\t\t\t<\/div>\n\t\t\t\t<\/div>\n\t\t\t\t<\/div>\n\t\t<div class=\"elementor-element elementor-element-a637080 e-con-full e-flex e-con e-child\" data-id=\"a637080\" data-element_type=\"container\" data-e-type=\"container\">\n\t\t<div class=\"elementor-element elementor-element-3b61bda e-flex e-con-boxed e-con e-child\" data-id=\"3b61bda\" data-element_type=\"container\" data-e-type=\"container\">\n\t\t\t\t\t<div class=\"e-con-inner\">\n\t\t\t\t<div class=\"elementor-element elementor-element-219405b elementor-widget elementor-widget-heading\" data-id=\"219405b\" data-element_type=\"widget\" data-e-type=\"widget\" data-widget_type=\"heading.default\">\n\t\t\t\t<div class=\"elementor-widget-container\">\n\t\t\t\t\t<h3 class=\"elementor-heading-title elementor-size-default\">Te ofrecemos valor a\u00f1adido con nuestros servicios<\/h3>\t\t\t\t<\/div>\n\t\t\t\t<\/div>\n\t\t\t\t<div class=\"elementor-element elementor-element-e60590c elementor-widget elementor-widget-text-editor\" data-id=\"e60590c\" data-element_type=\"widget\" data-e-type=\"widget\" data-widget_type=\"text-editor.default\">\n\t\t\t\t<div class=\"elementor-widget-container\">\n\t\t\t\t\t\t\t\t\t<p>En IMDA CONSULTING SERVICES, nuestros servicios de tecnolog\u00eda de la informaci\u00f3n (IT) son fundamentales para el \u00e9xito de las empresas en la era digital. Nos especializamos en la aplicaci\u00f3n de conocimientos t\u00e9cnicos y empresariales para ayudar a las organizaciones en la creaci\u00f3n, gesti\u00f3n y optimizaci\u00f3n de informaci\u00f3n y procesos empresariales.<\/p><p>Para ello contamos con profesionales y especialistas que estar\u00e1n dispuestos a ayudarte y a hacer crecer tu empresa.<\/p>\t\t\t\t\t\t\t\t<\/div>\n\t\t\t\t<\/div>\n\t\t\t\t\t<\/div>\n\t\t\t\t<\/div>\n\t\t\t\t<\/div>\n\t\t\t\t\t<\/div>\n\t\t\t\t<\/div>\n\t\t<div class=\"elementor-element elementor-element-74503e3 e-flex e-con-boxed e-con e-parent\" data-id=\"74503e3\" data-element_type=\"container\" data-e-type=\"container\">\n\t\t\t\t\t<div class=\"e-con-inner\">\n\t\t\t\t<div class=\"elementor-element elementor-element-fbbd458 elementor-widget elementor-widget-heading\" data-id=\"fbbd458\" data-element_type=\"widget\" data-e-type=\"widget\" data-widget_type=\"heading.default\">\n\t\t\t\t<div class=\"elementor-widget-container\">\n\t\t\t\t\t<h3 class=\"elementor-heading-title elementor-size-default\">Servicios IT de IMDA Consulting<\/h3>\t\t\t\t<\/div>\n\t\t\t\t<\/div>\n\t\t\t\t\t<\/div>\n\t\t\t\t<\/div>\n\t\t<div class=\"elementor-element elementor-element-660cc8d e-flex e-con-boxed e-con e-parent\" data-id=\"660cc8d\" data-element_type=\"container\" data-e-type=\"container\">\n\t\t\t\t\t<div class=\"e-con-inner\">\n\t\t<div class=\"elementor-element elementor-element-105895e e-con-full e-flex e-con e-child\" data-id=\"105895e\" data-element_type=\"container\" data-e-type=\"container\">\n\t\t\t\t<div class=\"elementor-element elementor-element-a6df53c elementor-widget elementor-widget-image\" data-id=\"a6df53c\" data-element_type=\"widget\" data-e-type=\"widget\" data-widget_type=\"image.default\">\n\t\t\t\t<div class=\"elementor-widget-container\">\n\t\t\t\t\t\t\t\t\t\t\t\t\t\t\t\t<a href=\"https:\/\/imdaconsulting.com\/ec\/implementacion-de-dynamics-365-erp\/\">\n\t\t\t\t\t\t\t<img fetchpriority=\"high\" decoding=\"async\" width=\"624\" height=\"413\" src=\"https:\/\/imdaconsulting.com\/ec\/wp-content\/uploads\/2023\/10\/Implementacion-de-Dynamics-365-ERP.jpeg\" class=\"attachment-large size-large wp-image-4078\" alt=\"\" srcset=\"https:\/\/imdaconsulting.com\/ec\/wp-content\/uploads\/2023\/10\/Implementacion-de-Dynamics-365-ERP.jpeg 624w, https:\/\/imdaconsulting.com\/ec\/wp-content\/uploads\/2023\/10\/Implementacion-de-Dynamics-365-ERP-300x199.jpeg 300w\" sizes=\"(max-width: 624px) 100vw, 624px\" \/>\t\t\t\t\t\t\t\t<\/a>\n\t\t\t\t\t\t\t\t\t\t\t\t\t\t\t<\/div>\n\t\t\t\t<\/div>\n\t\t\t\t<div class=\"elementor-element elementor-element-156c438 elementor-widget elementor-widget-heading\" data-id=\"156c438\" data-element_type=\"widget\" data-e-type=\"widget\" data-widget_type=\"heading.default\">\n\t\t\t\t<div class=\"elementor-widget-container\">\n\t\t\t\t\t<h4 class=\"elementor-heading-title elementor-size-default\"><a href=\"https:\/\/imdaconsulting.com\/ec\/implementacion-de-dynamics-365-erp\/\">Implementaci\u00f3n de Dynamics 365 ERP<\/a><\/h4>\t\t\t\t<\/div>\n\t\t\t\t<\/div>\n\t\t\t\t<div class=\"elementor-element elementor-element-0533eab elementor-widget elementor-widget-text-editor\" data-id=\"0533eab\" data-element_type=\"widget\" data-e-type=\"widget\" data-widget_type=\"text-editor.default\">\n\t\t\t\t<div class=\"elementor-widget-container\">\n\t\t\t\t\t\t\t\t\t<p><span style=\"text-align: var(--text-align); background-color: var(--ast-global-color-4); color: var(--ast-global-color-3); font-size: 1rem;\">\u2022\u00a0<\/span>Detalles sobre c\u00f3mo ayudamos a las empresas a implementar el sistema ERP de manera eficiente.<\/p><p>\u2022 Proceso de implementaci\u00f3n, desde la planificaci\u00f3n hasta la ejecuci\u00f3n y capacitaci\u00f3n.<\/p><p>\u2022 Casos de \u00e9xito y testimonios de clientes satisfechos.<\/p>\t\t\t\t\t\t\t\t<\/div>\n\t\t\t\t<\/div>\n\t\t\t\t<\/div>\n\t\t<div class=\"elementor-element elementor-element-8f594f8 e-con-full e-flex e-con e-child\" data-id=\"8f594f8\" data-element_type=\"container\" data-e-type=\"container\">\n\t\t\t\t<div class=\"elementor-element elementor-element-cfc03e1 elementor-widget elementor-widget-image\" data-id=\"cfc03e1\" data-element_type=\"widget\" data-e-type=\"widget\" data-widget_type=\"image.default\">\n\t\t\t\t<div class=\"elementor-widget-container\">\n\t\t\t\t\t\t\t\t\t\t\t\t\t\t\t\t<a href=\"https:\/\/imdaconsulting.com\/ec\/optimizacion-y-personalizacion\/\">\n\t\t\t\t\t\t\t<img decoding=\"async\" width=\"1024\" height=\"682\" src=\"https:\/\/imdaconsulting.com\/ec\/wp-content\/uploads\/2023\/10\/Optimizacion-y-Personalizacion-1024x682.jpeg\" class=\"attachment-large size-large wp-image-4077\" alt=\"\" srcset=\"https:\/\/imdaconsulting.com\/ec\/wp-content\/uploads\/2023\/10\/Optimizacion-y-Personalizacion-1024x682.jpeg 1024w, https:\/\/imdaconsulting.com\/ec\/wp-content\/uploads\/2023\/10\/Optimizacion-y-Personalizacion-300x200.jpeg 300w, https:\/\/imdaconsulting.com\/ec\/wp-content\/uploads\/2023\/10\/Optimizacion-y-Personalizacion-768x512.jpeg 768w, https:\/\/imdaconsulting.com\/ec\/wp-content\/uploads\/2023\/10\/Optimizacion-y-Personalizacion-1536x1023.jpeg 1536w, https:\/\/imdaconsulting.com\/ec\/wp-content\/uploads\/2023\/10\/Optimizacion-y-Personalizacion.jpeg 1600w\" sizes=\"(max-width: 1024px) 100vw, 1024px\" \/>\t\t\t\t\t\t\t\t<\/a>\n\t\t\t\t\t\t\t\t\t\t\t\t\t\t\t<\/div>\n\t\t\t\t<\/div>\n\t\t\t\t<div class=\"elementor-element elementor-element-d026fd2 elementor-widget elementor-widget-heading\" data-id=\"d026fd2\" data-element_type=\"widget\" data-e-type=\"widget\" data-widget_type=\"heading.default\">\n\t\t\t\t<div class=\"elementor-widget-container\">\n\t\t\t\t\t<h4 class=\"elementor-heading-title elementor-size-default\"><a href=\"https:\/\/imdaconsulting.com\/ec\/optimizacion-y-personalizacion\/\">Optimizaci\u00f3n y Personalizaci\u00f3n<\/a><\/h4>\t\t\t\t<\/div>\n\t\t\t\t<\/div>\n\t\t\t\t<div class=\"elementor-element elementor-element-651eb8f elementor-widget elementor-widget-text-editor\" data-id=\"651eb8f\" data-element_type=\"widget\" data-e-type=\"widget\" data-widget_type=\"text-editor.default\">\n\t\t\t\t<div class=\"elementor-widget-container\">\n\t\t\t\t\t\t\t\t\t<p>\u2022 C\u00f3mo adaptamos Dynamics 365 ERP a las necesidades espec\u00edficas de cada cliente.<\/p><p>\u2022 Mejora de procesos empresariales, integraci\u00f3n de m\u00f3dulos y flujos de trabajo personalizados.<\/p><p>\u2022 Ejemplos de c\u00f3mo hemos ayudado a empresas a aumentar su eficiencia y productividad.<\/p>\t\t\t\t\t\t\t\t<\/div>\n\t\t\t\t<\/div>\n\t\t\t\t<\/div>\n\t\t<div class=\"elementor-element elementor-element-20034d1 e-con-full e-flex e-con e-child\" data-id=\"20034d1\" data-element_type=\"container\" data-e-type=\"container\">\n\t\t\t\t<div class=\"elementor-element elementor-element-c27ede5 elementor-widget elementor-widget-image\" data-id=\"c27ede5\" data-element_type=\"widget\" data-e-type=\"widget\" data-widget_type=\"image.default\">\n\t\t\t\t<div class=\"elementor-widget-container\">\n\t\t\t\t\t\t\t\t\t\t\t\t\t\t\t\t<a href=\"https:\/\/imdaconsulting.com\/ec\/migracion-y-actualizacion\/\">\n\t\t\t\t\t\t\t<img decoding=\"async\" width=\"1024\" height=\"724\" src=\"https:\/\/imdaconsulting.com\/ec\/wp-content\/uploads\/2023\/10\/Migracion-y-Actualizacion-1024x724.jpeg\" class=\"attachment-large size-large wp-image-4076\" alt=\"\" srcset=\"https:\/\/imdaconsulting.com\/ec\/wp-content\/uploads\/2023\/10\/Migracion-y-Actualizacion-1024x724.jpeg 1024w, https:\/\/imdaconsulting.com\/ec\/wp-content\/uploads\/2023\/10\/Migracion-y-Actualizacion-300x212.jpeg 300w, https:\/\/imdaconsulting.com\/ec\/wp-content\/uploads\/2023\/10\/Migracion-y-Actualizacion-768x543.jpeg 768w, https:\/\/imdaconsulting.com\/ec\/wp-content\/uploads\/2023\/10\/Migracion-y-Actualizacion-1536x1086.jpeg 1536w, https:\/\/imdaconsulting.com\/ec\/wp-content\/uploads\/2023\/10\/Migracion-y-Actualizacion.jpeg 1600w\" sizes=\"(max-width: 1024px) 100vw, 1024px\" \/>\t\t\t\t\t\t\t\t<\/a>\n\t\t\t\t\t\t\t\t\t\t\t\t\t\t\t<\/div>\n\t\t\t\t<\/div>\n\t\t\t\t<div class=\"elementor-element elementor-element-3c35edb elementor-widget elementor-widget-heading\" data-id=\"3c35edb\" data-element_type=\"widget\" data-e-type=\"widget\" data-widget_type=\"heading.default\">\n\t\t\t\t<div class=\"elementor-widget-container\">\n\t\t\t\t\t<h4 class=\"elementor-heading-title elementor-size-default\"><a href=\"https:\/\/imdaconsulting.com\/ec\/migracion-y-actualizacion\/\">Migraci\u00f3n y Actualizaci\u00f3n<\/a><\/h4>\t\t\t\t<\/div>\n\t\t\t\t<\/div>\n\t\t\t\t<div class=\"elementor-element elementor-element-3c72ad8 elementor-widget elementor-widget-text-editor\" data-id=\"3c72ad8\" data-element_type=\"widget\" data-e-type=\"widget\" data-widget_type=\"text-editor.default\">\n\t\t\t\t<div class=\"elementor-widget-container\">\n\t\t\t\t\t\t\t\t\t<p><span style=\"text-align: var(--text-align); background-color: var(--ast-global-color-4); color: var(--ast-global-color-3); font-size: 1rem;\">\u2022\u00a0<\/span>Informaci\u00f3n sobre c\u00f3mo facilitamos la migraci\u00f3n desde sistemas ERP existentes a Dynamics 365.<\/p><p>\u2022 Beneficios de mantenerse al d\u00eda con las \u00faltimas versiones de Dynamics 365 ERP.<\/p><p>\u2022 Historias de \u00e9xito de empresas que han realizado migraciones exitosas con nuestra ayuda.<\/p>\t\t\t\t\t\t\t\t<\/div>\n\t\t\t\t<\/div>\n\t\t\t\t<\/div>\n\t\t<div class=\"elementor-element elementor-element-4746d6f e-con-full e-flex e-con e-child\" data-id=\"4746d6f\" data-element_type=\"container\" data-e-type=\"container\">\n\t\t\t\t<div class=\"elementor-element elementor-element-f7c4b96 elementor-widget elementor-widget-image\" data-id=\"f7c4b96\" data-element_type=\"widget\" data-e-type=\"widget\" data-widget_type=\"image.default\">\n\t\t\t\t<div class=\"elementor-widget-container\">\n\t\t\t\t\t\t\t\t\t\t\t\t\t\t\t\t<a href=\"https:\/\/imdaconsulting.com\/ec\/soporte-y-mantenimiento\/\">\n\t\t\t\t\t\t\t<img loading=\"lazy\" decoding=\"async\" width=\"1024\" height=\"683\" src=\"https:\/\/imdaconsulting.com\/ec\/wp-content\/uploads\/2023\/10\/Soporte-y-Mantenimiento-1024x683.jpeg\" class=\"attachment-large size-large wp-image-4075\" alt=\"\" srcset=\"https:\/\/imdaconsulting.com\/ec\/wp-content\/uploads\/2023\/10\/Soporte-y-Mantenimiento-1024x683.jpeg 1024w, https:\/\/imdaconsulting.com\/ec\/wp-content\/uploads\/2023\/10\/Soporte-y-Mantenimiento-300x200.jpeg 300w, https:\/\/imdaconsulting.com\/ec\/wp-content\/uploads\/2023\/10\/Soporte-y-Mantenimiento-768x512.jpeg 768w, https:\/\/imdaconsulting.com\/ec\/wp-content\/uploads\/2023\/10\/Soporte-y-Mantenimiento.jpeg 1060w\" sizes=\"(max-width: 1024px) 100vw, 1024px\" \/>\t\t\t\t\t\t\t\t<\/a>\n\t\t\t\t\t\t\t\t\t\t\t\t\t\t\t<\/div>\n\t\t\t\t<\/div>\n\t\t\t\t<div class=\"elementor-element elementor-element-1427734 elementor-widget elementor-widget-heading\" data-id=\"1427734\" data-element_type=\"widget\" data-e-type=\"widget\" data-widget_type=\"heading.default\">\n\t\t\t\t<div class=\"elementor-widget-container\">\n\t\t\t\t\t<h4 class=\"elementor-heading-title elementor-size-default\"><a href=\"https:\/\/imdaconsulting.com\/ec\/soporte-y-mantenimiento\/\">Soporte y Mantenimiento<\/a><\/h4>\t\t\t\t<\/div>\n\t\t\t\t<\/div>\n\t\t\t\t<div class=\"elementor-element elementor-element-e9bc941 elementor-widget elementor-widget-text-editor\" data-id=\"e9bc941\" data-element_type=\"widget\" data-e-type=\"widget\" data-widget_type=\"text-editor.default\">\n\t\t\t\t<div class=\"elementor-widget-container\">\n\t\t\t\t\t\t\t\t\t<p>\u2022 Detalles sobre nuestros planes de soporte continuo para garantizar el funcionamiento sin problemas del ERP.<\/p><p>\u2022 Servicios de mantenimiento preventivo, resoluci\u00f3n de problemas y actualizaciones.<\/p><p>\u2022 Nuestro compromiso con la satisfacci\u00f3n del cliente y la respuesta r\u00e1pida a las necesidades emergentes.<\/p>\t\t\t\t\t\t\t\t<\/div>\n\t\t\t\t<\/div>\n\t\t\t\t<\/div>\n\t\t\t\t\t<\/div>\n\t\t\t\t<\/div>\n\t\t\t\t<\/div>\n\t\t","protected":false},"excerpt":{"rendered":"<p>Te ofrecemos valor a\u00f1adido con nuestros servicios En IMDA CONSULTING SERVICES, nuestros servicios de tecnolog\u00eda de la informaci\u00f3n (IT) son fundamentales para el \u00e9xito de las empresas en la era digital. Nos especializamos en la aplicaci\u00f3n de conocimientos t\u00e9cnicos y empresariales para ayudar a las organizaciones en la creaci\u00f3n, gesti\u00f3n y optimizaci\u00f3n de informaci\u00f3n y [&hellip;]<\/p>\n","protected":false},"author":2,"featured_media":0,"parent":0,"menu_order":0,"comment_status":"closed","ping_status":"closed","template":"","meta":{"_uag_custom_page_level_css":"","site-sidebar-layout":"no-sidebar","site-content-layout":"page-builder","ast-site-content-layout":"full-width-container","site-content-style":"default","site-sidebar-style":"default","ast-global-header-display":"","ast-banner-title-visibility":"","ast-main-header-display":"","ast-hfb-above-header-display":"","ast-hfb-below-header-display":"","ast-hfb-mobile-header-display":"","site-post-title":"disabled","ast-breadcrumbs-content":"","ast-featured-img":"disabled","footer-sml-layout":"","ast-disable-related-posts":"","theme-transparent-header-meta":"","adv-header-id-meta":"","stick-header-meta":"","header-above-stick-meta":"","header-main-stick-meta":"","header-below-stick-meta":"","astra-migrate-meta-layouts":"set","ast-page-background-enabled":"default","ast-page-background-meta":{"desktop":{"background-color":"","background-image":"","background-repeat":"repeat","background-position":"center center","background-size":"auto","background-attachment":"scroll","background-type":"","background-media":"","overlay-type":"","overlay-color":"","overlay-opacity":"","overlay-gradient":""},"tablet":{"background-color":"","background-image":"","background-repeat":"repeat","background-position":"center center","background-size":"auto","background-attachment":"scroll","background-type":"","background-media":"","overlay-type":"","overlay-color":"","overlay-opacity":"","overlay-gradient":""},"mobile":{"background-color":"","background-image":"","background-repeat":"repeat","background-position":"center center","background-size":"auto","background-attachment":"scroll","background-type":"","background-media":"","overlay-type":"","overlay-color":"","overlay-opacity":"","overlay-gradient":""}},"ast-content-background-meta":{"desktop":{"background-color":"var(--ast-global-color-5)","background-image":"","background-repeat":"repeat","background-position":"center center","background-size":"auto","background-attachment":"scroll","background-type":"","background-media":"","overlay-type":"","overlay-color":"","overlay-opacity":"","overlay-gradient":""},"tablet":{"background-color":"var(--ast-global-color-5)","background-image":"","background-repeat":"repeat","background-position":"center center","background-size":"auto","background-attachment":"scroll","background-type":"","background-media":"","overlay-type":"","overlay-color":"","overlay-opacity":"","overlay-gradient":""},"mobile":{"background-color":"var(--ast-global-color-5)","background-image":"","background-repeat":"repeat","background-position":"center center","background-size":"auto","background-attachment":"scroll","background-type":"","background-media":"","overlay-type":"","overlay-color":"","overlay-opacity":"","overlay-gradient":""}},"footnotes":""},"class_list":["post-3695","page","type-page","status-publish","hentry"],"uagb_featured_image_src":{"full":false,"thumbnail":false,"medium":false,"medium_large":false,"large":false,"1536x1536":false,"2048x2048":false},"uagb_author_info":{"display_name":"Erick Lindao","author_link":"https:\/\/imdaconsulting.com\/ec\/author\/elindao\/"},"uagb_comment_info":0,"uagb_excerpt":"Te ofrecemos valor a\u00f1adido con nuestros servicios En IMDA CONSULTING SERVICES, nuestros servicios de tecnolog\u00eda de la informaci\u00f3n (IT) son fundamentales para el \u00e9xito de las empresas en la era digital. Nos especializamos en la aplicaci\u00f3n de conocimientos t\u00e9cnicos y empresariales para ayudar a las organizaciones en la creaci\u00f3n, gesti\u00f3n y optimizaci\u00f3n de informaci\u00f3n y&hellip;","_links":{"self":[{"href":"https:\/\/imdaconsulting.com\/ec\/wp-json\/wp\/v2\/pages\/3695","targetHints":{"allow":["GET"]}}],"collection":[{"href":"https:\/\/imdaconsulting.com\/ec\/wp-json\/wp\/v2\/pages"}],"about":[{"href":"https:\/\/imdaconsulting.com\/ec\/wp-json\/wp\/v2\/types\/page"}],"author":[{"embeddable":true,"href":"https:\/\/imdaconsulting.com\/ec\/wp-json\/wp\/v2\/users\/2"}],"replies":[{"embeddable":true,"href":"https:\/\/imdaconsulting.com\/ec\/wp-json\/wp\/v2\/comments?post=3695"}],"version-history":[{"count":76,"href":"https:\/\/imdaconsulting.com\/ec\/wp-json\/wp\/v2\/pages\/3695\/revisions"}],"predecessor-version":[{"id":4117,"href":"https:\/\/imdaconsulting.com\/ec\/wp-json\/wp\/v2\/pages\/3695\/revisions\/4117"}],"wp:attachment":[{"href":"https:\/\/imdaconsulting.com\/ec\/wp-json\/wp\/v2\/media?parent=3695"}],"curies":[{"name":"wp","href":"https:\/\/api.w.org\/{rel}","templated":true}]}}